{"id":25715,"date":"2025-10-28T09:26:56","date_gmt":"2025-10-28T09:26:56","guid":{"rendered":"https:\/\/www.hanger-tools.com\/?product=projecteur-108-w-pcf-professionnel-hanger-170401-2"},"modified":"2025-10-31T09:29:38","modified_gmt":"2025-10-31T09:29:38","slug":"projecteur-108-w-pcf-professionnel-hanger-170401-2","status":"publish","type":"product","link":"https:\/\/www.hangertools.fr\/?product=projecteur-108-w-pcf-professionnel-hanger-170401-2","title":{"rendered":"Projecteur 108 W PCF professionnel HANGER 170401"},"content":{"rendered":"<p>Le projecteur PCF 108 de la marque Hanger offre une solution d&rsquo;\u00e9clairage portable et orientable, id\u00e9al pour divers environnements de travail. Ce projecteur utilise une lumi\u00e8re froide de 6500K, procurant une luminosit\u00e9 optimale pour les t\u00e2ches n\u00e9cessitant une visibilit\u00e9 claire et pr\u00e9cise. La conception orientable permet un ajustement facile de la direction de la lumi\u00e8re, offrant une flexibilit\u00e9 d&rsquo;utilisation selon les besoins sp\u00e9cifiques du chantier ou de l&rsquo;atelier.<\/p>\n<p>Ce projecteur est \u00e9quip\u00e9 de trois ampoules fluo de 36 W avec un culot 2G11, fournissant une lumi\u00e8re puissante et efficace. Le degr\u00e9 de protection IP54 garantit une r\u00e9sistance \u00e0 la poussi\u00e8re et aux projections d&rsquo;eau, rendant ce projecteur adapt\u00e9 \u00e0 une utilisation en ext\u00e9rieur ou dans des environnements industriels. De plus, le projecteur est dot\u00e9 de trois prises \u00e0 clapet de 16 A\/230 V situ\u00e9es \u00e0 l&rsquo;arri\u00e8re, permettant de brancher plusieurs outils ou appareils \u00e9lectriques simultan\u00e9ment, am\u00e9liorant ainsi la productivit\u00e9 sur le lieu de travail.<\/p>\n<p>Le projecteur PCF 108 est \u00e9galement livr\u00e9 avec un c\u00e2ble HO7 RNF de 5 m\u00e8tres de longueur et de section 3G1,5 mm\u00b2, offrant une robustesse et une r\u00e9sistance accrues aux conditions de travail rigoureuses. Ce c\u00e2ble garantit une flexibilit\u00e9 d&rsquo;installation et une durabilit\u00e9 \u00e0 long terme, m\u00eame dans des environnements exigeants.<\/p>\n<p>\u00a0<\/p>\n<p><b>Caract\u00e9ristiques techniques\u00a0:<\/b><\/p>\n<ul>\n<li>Projecteur portable lumi\u00e8re froide (6500K) orientable<\/li>\n<li>Trois prises \u00e0 clapet 16 A \/ 230 V au dos<\/li>\n<li>Equip\u00e9 de 5 m de c\u00e2ble HO7 RNF 3G1,5 mm\u00b2<\/li>\n<\/ul>\n","protected":false},"excerpt":{"rendered":"<p>Une conception robuste et pratique, r\u00e9pondant aux besoins des professionnels de l&rsquo;\u00e9clairage.<\/p>\n","protected":false},"featured_media":25714,"template":"","meta":{"_acf_changed":false,"_et_pb_use_builder":"","_et_pb_old_content":"","_et_gb_content_width":"","_cloudinary_featured_overwrite":false},"product_brand":[],"product_cat":[15,4459],"product_tag":[4066],"class_list":{"0":"post-25715","1":"product","2":"type-product","3":"status-publish","4":"has-post-thumbnail","6":"product_cat-produits","7":"product_cat-eclairage","8":"product_tag-hanger","10":"first","11":"outofstock","12":"shipping-taxable","13":"purchasable","14":"product-type-simple"},"acf":[],"amp_enabled":false,"_links":{"self":[{"href":"https:\/\/www.hangertools.fr\/index.php?rest_route=\/wp\/v2\/product\/25715","targetHints":{"allow":["GET"]}}],"collection":[{"href":"https:\/\/www.hangertools.fr\/index.php?rest_route=\/wp\/v2\/product"}],"about":[{"href":"https:\/\/www.hangertools.fr\/index.php?rest_route=\/wp\/v2\/types\/product"}],"wp:featuredmedia":[{"embeddable":true,"href":"https:\/\/www.hangertools.fr\/index.php?rest_route=\/wp\/v2\/media\/25714"}],"wp:attachment":[{"href":"https:\/\/www.hangertools.fr\/index.php?rest_route=%2Fwp%2Fv2%2Fmedia&parent=25715"}],"wp:term":[{"taxonomy":"product_brand","embeddable":true,"href":"https:\/\/www.hangertools.fr\/index.php?rest_route=%2Fwp%2Fv2%2Fproduct_brand&post=25715"},{"taxonomy":"product_cat","embeddable":true,"href":"https:\/\/www.hangertools.fr\/index.php?rest_route=%2Fwp%2Fv2%2Fproduct_cat&post=25715"},{"taxonomy":"product_tag","embeddable":true,"href":"https:\/\/www.hangertools.fr\/index.php?rest_route=%2Fwp%2Fv2%2Fproduct_tag&post=25715"}],"curies":[{"name":"wp","href":"https:\/\/api.w.org\/{rel}","templated":true}]}}