{"id":25424,"date":"2025-10-28T09:18:17","date_gmt":"2025-10-28T09:18:17","guid":{"rendered":"https:\/\/www.hanger-tools.com\/?product=outil-a-degainer-et-denuder-hanger-multifonctions"},"modified":"2025-10-31T08:31:13","modified_gmt":"2025-10-31T08:31:13","slug":"outil-a-degainer-et-denuder-hanger-multifonctions","status":"publish","type":"product","link":"https:\/\/www.hangertools.fr\/?product=outil-a-degainer-et-denuder-hanger-multifonctions","title":{"rendered":"Outil \u00e0 d\u00e9gainer et d\u00e9nuder Hanger multifonctions"},"content":{"rendered":"<p>Outil universel de d\u00e9nudage des isolations ext\u00e9rieures et int\u00e9rieures, servant \u00e9galement au d\u00e9nudage progressif des c\u00e2bles coaxiaux. Permet une coupe ronde ou longitudinale, ainsi qu&rsquo;un d\u00e9nudage \u00e0 fleur pr\u00e8s des plafonds et des parois ou encore dans des bo\u00eetes de distribution et de d\u00e9rivation.<\/p>\n<p><strong>Caract\u00e9ristiques techniques : <\/strong><\/p>\n<ul>\n<li>Diam\u00e8tre de d\u00e9gainage : 4 \u00e0 13 mm<\/li>\n<li>C\u00e2bles coaxiaux : 4 \u00e0 8 mm<\/li>\n<li>Section de d\u00e9nudage : 0,5 \u00e0 16 mm\u00b2<\/li>\n<li>Section de d\u00e9nudage AWG : 6 \u00e0 20<\/li>\n<\/ul>\n","protected":false},"excerpt":{"rendered":"<p>nan<\/p>\n","protected":false},"featured_media":25423,"template":"","meta":{"_acf_changed":false,"_et_pb_use_builder":"","_et_pb_old_content":"","_et_gb_content_width":"","_cloudinary_featured_overwrite":false},"product_brand":[3632],"product_cat":[15,4439,4440],"product_tag":[4066],"class_list":{"0":"post-25424","1":"product","2":"type-product","3":"status-publish","4":"has-post-thumbnail","6":"product_brand-hanger","7":"product_cat-produits","8":"product_cat-electricite","9":"product_cat-outils","10":"product_tag-hanger","12":"first","13":"instock","14":"shipping-taxable","15":"purchasable","16":"product-type-simple"},"acf":[],"amp_enabled":false,"_links":{"self":[{"href":"https:\/\/www.hangertools.fr\/index.php?rest_route=\/wp\/v2\/product\/25424","targetHints":{"allow":["GET"]}}],"collection":[{"href":"https:\/\/www.hangertools.fr\/index.php?rest_route=\/wp\/v2\/product"}],"about":[{"href":"https:\/\/www.hangertools.fr\/index.php?rest_route=\/wp\/v2\/types\/product"}],"wp:featuredmedia":[{"embeddable":true,"href":"https:\/\/www.hangertools.fr\/index.php?rest_route=\/wp\/v2\/media\/25423"}],"wp:attachment":[{"href":"https:\/\/www.hangertools.fr\/index.php?rest_route=%2Fwp%2Fv2%2Fmedia&parent=25424"}],"wp:term":[{"taxonomy":"product_brand","embeddable":true,"href":"https:\/\/www.hangertools.fr\/index.php?rest_route=%2Fwp%2Fv2%2Fproduct_brand&post=25424"},{"taxonomy":"product_cat","embeddable":true,"href":"https:\/\/www.hangertools.fr\/index.php?rest_route=%2Fwp%2Fv2%2Fproduct_cat&post=25424"},{"taxonomy":"product_tag","embeddable":true,"href":"https:\/\/www.hangertools.fr\/index.php?rest_route=%2Fwp%2Fv2%2Fproduct_tag&post=25424"}],"curies":[{"name":"wp","href":"https:\/\/api.w.org\/{rel}","templated":true}]}}