{"id":24880,"date":"2025-10-28T09:02:37","date_gmt":"2025-10-28T09:02:37","guid":{"rendered":"https:\/\/www.hanger-tools.com\/?product=testeur-de-prise-hanger-tp-07b-2"},"modified":"2025-10-31T08:34:30","modified_gmt":"2025-10-31T08:34:30","slug":"testeur-de-prise-hanger-tp-07b-2","status":"publish","type":"product","link":"https:\/\/www.hangertools.fr\/?product=testeur-de-prise-hanger-tp-07b-2","title":{"rendered":"Testeur de prise Hanger TP 07B"},"content":{"rendered":"<p>Ce testeur de prise Hanger vous permet de contr\u00f4ler l&rsquo;absence de Terre (PE), l&rsquo;absence ou pr\u00e9sence de Phase (L), l&rsquo;absence de Neutre (N) et l&rsquo;inversion Phase\/Terre. Avec ce testeur de prise, vous pourrez \u00e9galement effectuer le test RCD gr\u00e2ce \u00e0 son bouton de d\u00e9tection de fuite.<\/p>\n<p><strong>Caract\u00e9ristiques techniques :<br \/><\/strong><\/p>\n<ul>\n<li>Plage d&rsquo;utilisation : 230 V (\u00b1 10%)<\/li>\n<\/ul>\n","protected":false},"excerpt":{"rendered":"<p>nan<\/p>\n","protected":false},"featured_media":24879,"template":"","meta":{"_acf_changed":false,"_et_pb_use_builder":"","_et_pb_old_content":"","_et_gb_content_width":"","_cloudinary_featured_overwrite":false},"product_brand":[],"product_cat":[15,4439,4440],"product_tag":[4066],"class_list":{"0":"post-24880","1":"product","2":"type-product","3":"status-publish","4":"has-post-thumbnail","6":"product_cat-produits","7":"product_cat-electricite","8":"product_cat-outils","9":"product_tag-hanger","11":"first","12":"instock","13":"shipping-taxable","14":"purchasable","15":"product-type-simple"},"acf":[],"amp_enabled":false,"_links":{"self":[{"href":"https:\/\/www.hangertools.fr\/index.php?rest_route=\/wp\/v2\/product\/24880","targetHints":{"allow":["GET"]}}],"collection":[{"href":"https:\/\/www.hangertools.fr\/index.php?rest_route=\/wp\/v2\/product"}],"about":[{"href":"https:\/\/www.hangertools.fr\/index.php?rest_route=\/wp\/v2\/types\/product"}],"wp:featuredmedia":[{"embeddable":true,"href":"https:\/\/www.hangertools.fr\/index.php?rest_route=\/wp\/v2\/media\/24879"}],"wp:attachment":[{"href":"https:\/\/www.hangertools.fr\/index.php?rest_route=%2Fwp%2Fv2%2Fmedia&parent=24880"}],"wp:term":[{"taxonomy":"product_brand","embeddable":true,"href":"https:\/\/www.hangertools.fr\/index.php?rest_route=%2Fwp%2Fv2%2Fproduct_brand&post=24880"},{"taxonomy":"product_cat","embeddable":true,"href":"https:\/\/www.hangertools.fr\/index.php?rest_route=%2Fwp%2Fv2%2Fproduct_cat&post=24880"},{"taxonomy":"product_tag","embeddable":true,"href":"https:\/\/www.hangertools.fr\/index.php?rest_route=%2Fwp%2Fv2%2Fproduct_tag&post=24880"}],"curies":[{"name":"wp","href":"https:\/\/api.w.org\/{rel}","templated":true}]}}