{"id":24114,"date":"2025-10-28T08:30:26","date_gmt":"2025-10-28T08:30:26","guid":{"rendered":"https:\/\/www.hanger-tools.com\/?product=cassette-hanger-h05vv-f-2"},"modified":"2025-10-31T08:33:04","modified_gmt":"2025-10-31T08:33:04","slug":"cassette-hanger-h05vv-f-2","status":"publish","type":"product","link":"https:\/\/www.hangertools.fr\/?product=cassette-hanger-h05vv-f-2","title":{"rendered":"Cassette Hanger H05VV-F"},"content":{"rendered":"<p>Cassette plastique de 10 m\u00e8tres de c\u00e2ble H05VV-F section 3G 1,5 mm\u00b2 \u00e9quip\u00e9e d&rsquo;une protection thermique. Cette cassette est dot\u00e9e de 4 prises avec protection enfant, une poign\u00e9e de transport et un rabatteur de c\u00e2ble pour pouvoir facilement rentrer le c\u00e2ble dans la cassette quand vous n&rsquo;en avez plus besoin.<\/p>\n<p><strong>Caract\u00e9ristiques techniques :<\/strong><\/p>\n<ul>\n<li>Tension : 230 V<\/li>\n<li>C\u00e2ble : H05VV-F<\/li>\n<li>Section : 3G 1,5 mm\u00b2<\/li>\n<li>Protection thermique<\/li>\n<li>Socle : 4 prises 2P + T<\/li>\n<li>IP20<\/li>\n<\/ul>\n<p><strong> Puissance maximale :<\/strong><\/p>\n<ul>\n<li>Enroul\u00e9 : 1000 W<\/li>\n<li>D\u00e9roul\u00e9 : 3000 W<\/li>\n<\/ul>\n","protected":false},"excerpt":{"rendered":"<p>nan<\/p>\n","protected":false},"featured_media":24113,"template":"","meta":{"_acf_changed":false,"_et_pb_use_builder":"","_et_pb_old_content":"","_et_gb_content_width":"","_cloudinary_featured_overwrite":false},"product_brand":[],"product_cat":[15,4439,4440],"product_tag":[4066],"class_list":{"0":"post-24114","1":"product","2":"type-product","3":"status-publish","4":"has-post-thumbnail","6":"product_cat-produits","7":"product_cat-electricite","8":"product_cat-outils","9":"product_tag-hanger","11":"first","12":"instock","13":"shipping-taxable","14":"purchasable","15":"product-type-simple"},"acf":[],"amp_enabled":false,"_links":{"self":[{"href":"https:\/\/www.hangertools.fr\/index.php?rest_route=\/wp\/v2\/product\/24114","targetHints":{"allow":["GET"]}}],"collection":[{"href":"https:\/\/www.hangertools.fr\/index.php?rest_route=\/wp\/v2\/product"}],"about":[{"href":"https:\/\/www.hangertools.fr\/index.php?rest_route=\/wp\/v2\/types\/product"}],"wp:featuredmedia":[{"embeddable":true,"href":"https:\/\/www.hangertools.fr\/index.php?rest_route=\/wp\/v2\/media\/24113"}],"wp:attachment":[{"href":"https:\/\/www.hangertools.fr\/index.php?rest_route=%2Fwp%2Fv2%2Fmedia&parent=24114"}],"wp:term":[{"taxonomy":"product_brand","embeddable":true,"href":"https:\/\/www.hangertools.fr\/index.php?rest_route=%2Fwp%2Fv2%2Fproduct_brand&post=24114"},{"taxonomy":"product_cat","embeddable":true,"href":"https:\/\/www.hangertools.fr\/index.php?rest_route=%2Fwp%2Fv2%2Fproduct_cat&post=24114"},{"taxonomy":"product_tag","embeddable":true,"href":"https:\/\/www.hangertools.fr\/index.php?rest_route=%2Fwp%2Fv2%2Fproduct_tag&post=24114"}],"curies":[{"name":"wp","href":"https:\/\/api.w.org\/{rel}","templated":true}]}}