{"id":22426,"date":"2025-08-04T08:33:58","date_gmt":"2025-08-04T08:33:58","guid":{"rendered":"https:\/\/www.hanger-tools.com\/?product=disque-a-tronconner-acier-inox-125-x-08-mm-deporte-hanger-150009"},"modified":"2025-10-31T08:30:06","modified_gmt":"2025-10-31T08:30:06","slug":"disque-a-tronconner-acier-inox-125-x-08-mm-deporte-hanger-150009","status":"publish","type":"product","link":"https:\/\/www.hangertools.fr\/?product=disque-a-tronconner-acier-inox-125-x-08-mm-deporte-hanger-150009","title":{"rendered":"Disque \u00e0 tron\u00e7onner acier\/inox 125 x 0,8 mm d\u00e9port\u00e9 HANGER 150009"},"content":{"rendered":"<p>Ce disque \u00e0 tron\u00e7onner de la marque Hanger se distingue par ses temps de tron\u00e7onnage extr\u00eamement courts, offrant ainsi une solution efficace pour les travaux de d\u00e9coupe. Sa conception mince et son agressivit\u00e9 \u00e9lev\u00e9e permettent des coupes rapides et pr\u00e9cises, faisant gagner du temps et de l&rsquo;\u00e9nergie sur chaque projet.<\/p>\n<p>Con\u00e7u pour r\u00e9pondre aux besoins des missions les plus exigeantes, ce disque \u00e0 tron\u00e7onner offre une grande performance \u00e0 chaque utilisation. Sa haute performance garantit la meilleure puissance de coupe, permettant de travailler efficacement m\u00eame dans les conditions les plus difficiles.<\/p>\n<p>Le disque \u00e0 tron\u00e7onner est fabriqu\u00e9 \u00e0 partir de mat\u00e9riaux robuste, lui conf\u00e9rant une durabilit\u00e9 et une r\u00e9sistance \u00e9lev\u00e9es. Sa toile mince de qualit\u00e9 sup\u00e9rieure assure une proportion \u00e9lev\u00e9e de grain abrasif, garantissant ainsi une performance constante et fiable.<\/p>\n<p>&#038;nbsp,<\/p>\n<h3>Caract\u00e9ristiques techniques :<\/h3>\n<ul>\n<li>Diam\u00e8tre : 125 mm<\/li>\n<li>Al\u00e9sage : 22,23 mm<\/li>\n<li>Epaisseur : 0,8 mm<\/li>\n<li>Vitesse maximum : 12200 tr\/min &#8211; 80 m\/s<\/li>\n<\/ul>\n<p><b>&#038;nbsp,Domaines d\u2019utilisation :<\/b><\/p>\n<ul>\n<li>Serrurerie<\/li>\n<li>Construction m\u00e9tallique<\/li>\n<li>Construction d&rsquo;installations<\/li>\n<li>Construction de garde-corps<\/li>\n<li>Construction de cuves et appareils<\/li>\n<li>Industrie de transformation de l&rsquo;inox<\/li>\n<\/ul>\n","protected":false},"excerpt":{"rendered":"<p>Ce disque \u00e0 tron\u00e7onner de la marque Hanger se distingue par ses temps de tron\u00e7onnage extr\u00eamement courts, offrant ainsi une solution efficace pour les travaux de d\u00e9coupe. Sa conception mince et son agressivit\u00e9 \u00e9lev\u00e9e permettent des coupes rapides et pr\u00e9cises, faisant gagner du temps et de l&rsquo;\u00e9nergie sur chaque projet. Con\u00e7u pour r\u00e9pondre aux besoins [&hellip;]<\/p>\n","protected":false},"featured_media":22131,"template":"","meta":{"_acf_changed":false,"_et_pb_use_builder":"","_et_pb_old_content":"","_et_gb_content_width":"","_cloudinary_featured_overwrite":false},"product_brand":[],"product_cat":[15,4441,4444],"product_tag":[4009],"class_list":{"0":"post-22426","1":"product","2":"type-product","3":"status-publish","4":"has-post-thumbnail","6":"product_cat-produits","7":"product_cat-consommables","8":"product_cat-disques","9":"product_tag-disque-a-tronconner","11":"first","12":"outofstock","13":"shipping-taxable","14":"product-type-simple"},"acf":[],"amp_enabled":false,"_links":{"self":[{"href":"https:\/\/www.hangertools.fr\/index.php?rest_route=\/wp\/v2\/product\/22426","targetHints":{"allow":["GET"]}}],"collection":[{"href":"https:\/\/www.hangertools.fr\/index.php?rest_route=\/wp\/v2\/product"}],"about":[{"href":"https:\/\/www.hangertools.fr\/index.php?rest_route=\/wp\/v2\/types\/product"}],"wp:featuredmedia":[{"embeddable":true,"href":"https:\/\/www.hangertools.fr\/index.php?rest_route=\/wp\/v2\/media\/22131"}],"wp:attachment":[{"href":"https:\/\/www.hangertools.fr\/index.php?rest_route=%2Fwp%2Fv2%2Fmedia&parent=22426"}],"wp:term":[{"taxonomy":"product_brand","embeddable":true,"href":"https:\/\/www.hangertools.fr\/index.php?rest_route=%2Fwp%2Fv2%2Fproduct_brand&post=22426"},{"taxonomy":"product_cat","embeddable":true,"href":"https:\/\/www.hangertools.fr\/index.php?rest_route=%2Fwp%2Fv2%2Fproduct_cat&post=22426"},{"taxonomy":"product_tag","embeddable":true,"href":"https:\/\/www.hangertools.fr\/index.php?rest_route=%2Fwp%2Fv2%2Fproduct_tag&post=22426"}],"curies":[{"name":"wp","href":"https:\/\/api.w.org\/{rel}","templated":true}]}}