{"id":21383,"date":"2025-08-01T14:20:44","date_gmt":"2025-08-01T14:20:44","guid":{"rendered":"https:\/\/www.hanger-tools.com\/?product=denudeur-multi-fonction-hanger-231101"},"modified":"2025-10-31T08:31:40","modified_gmt":"2025-10-31T08:31:40","slug":"denudeur-multi-fonction-hanger-231101","status":"publish","type":"product","link":"https:\/\/www.hangertools.fr\/?product=denudeur-multi-fonction-hanger-231101","title":{"rendered":"D\u00e9nudeur multi-fonction HANGER 231101"},"content":{"rendered":"<p>Ce d\u00e9nudeur multi de la marque Hanger s&rsquo;adapte parfaitement \u00e0 une vari\u00e9t\u00e9 de fils \u00e9lectriques, qu&rsquo;ils soient multibrins ou monobrins. Sa conception astucieuse int\u00e8gre une fonction de d\u00e9nudage qui simplifie grandement les t\u00e2ches quotidiennes des professionnels de l&rsquo;\u00e9lectricit\u00e9 et de l&rsquo;\u00e9lectronique.<\/p>\n<p>Gr\u00e2ce \u00e0 sa molette de r\u00e9glage, ajuster la profondeur de d\u00e9nudage est un jeu d&rsquo;enfant avec le d\u00e9nudeur. Fini les r\u00e9glages complexes et les ajustements fastidieux. Cette fonctionnalit\u00e9 simplifie consid\u00e9rablement le processus de travail, offrant ainsi une exp\u00e9rience utilisateur fluide et efficace.<\/p>\n<p>Le d\u00e9nudeur est con\u00e7u pour durer. Fabriqu\u00e9 avec des mat\u00e9riaux de haute qualit\u00e9, cet outil est r\u00e9sistant et fiable, m\u00eame dans les conditions de travail les plus exigeantes. Sa conception ergonomique assure une prise en main confortable, r\u00e9duisant ainsi la fatigue pendant les longues heures de travail.<\/p>\n<\/p>\n<p><b>Caract\u00e9ristiques techniques :<\/b><\/p>\n<ul>\n<li>Diam\u00e8tre de d\u00e9gainage : 4 \u00e0 28 mm<\/li>\n<li>Section de d\u00e9nudage : 0,5 \u00e0 6 mm\u00b2<\/li>\n<\/ul>\n","protected":false},"excerpt":{"rendered":"<p>Lame crochue r\u00e9tractable pour une manipulation fluide et s\u00e9curis\u00e9eManche ergonomique assurant une prise en main fiablePermet de r\u00e9aliser un d\u00e9gainage pr\u00e9cis, rapide et s\u00fbr<\/p>\n","protected":false},"featured_media":18746,"template":"","meta":{"_acf_changed":false,"_et_pb_use_builder":"","_et_pb_old_content":"","_et_gb_content_width":"","_cloudinary_featured_overwrite":false},"product_brand":[],"product_cat":[15,4439,4440],"product_tag":[3975],"class_list":{"0":"post-21383","1":"product","2":"type-product","3":"status-publish","4":"has-post-thumbnail","6":"product_cat-produits","7":"product_cat-electricite","8":"product_cat-outils","9":"product_tag-denudeur","11":"first","12":"outofstock","13":"shipping-taxable","14":"product-type-simple"},"acf":[],"amp_enabled":false,"_links":{"self":[{"href":"https:\/\/www.hangertools.fr\/index.php?rest_route=\/wp\/v2\/product\/21383","targetHints":{"allow":["GET"]}}],"collection":[{"href":"https:\/\/www.hangertools.fr\/index.php?rest_route=\/wp\/v2\/product"}],"about":[{"href":"https:\/\/www.hangertools.fr\/index.php?rest_route=\/wp\/v2\/types\/product"}],"wp:featuredmedia":[{"embeddable":true,"href":"https:\/\/www.hangertools.fr\/index.php?rest_route=\/wp\/v2\/media\/18746"}],"wp:attachment":[{"href":"https:\/\/www.hangertools.fr\/index.php?rest_route=%2Fwp%2Fv2%2Fmedia&parent=21383"}],"wp:term":[{"taxonomy":"product_brand","embeddable":true,"href":"https:\/\/www.hangertools.fr\/index.php?rest_route=%2Fwp%2Fv2%2Fproduct_brand&post=21383"},{"taxonomy":"product_cat","embeddable":true,"href":"https:\/\/www.hangertools.fr\/index.php?rest_route=%2Fwp%2Fv2%2Fproduct_cat&post=21383"},{"taxonomy":"product_tag","embeddable":true,"href":"https:\/\/www.hangertools.fr\/index.php?rest_route=%2Fwp%2Fv2%2Fproduct_tag&post=21383"}],"curies":[{"name":"wp","href":"https:\/\/api.w.org\/{rel}","templated":true}]}}